{"id":2,"date":"2015-10-28T11:00:14","date_gmt":"2015-10-28T10:00:14","guid":{"rendered":"http:\/\/www.in-ruhe.de\/wordpress\/?page_id=2"},"modified":"2020-06-11T10:39:31","modified_gmt":"2020-06-11T08:39:31","slug":"beispiel-seite","status":"publish","type":"page","link":"https:\/\/www.in-ruhe.de\/wordpress\/","title":{"rendered":"Herzlich Willkommen"},"content":{"rendered":"<blockquote>\n<p style=\"text-align: center;\"><em>Sie brauchen mal wieder Urlaub und bevorzugen dabei eine ruhige Umgebung?<br \/>\n<\/em><br \/>\n<em> Dann verbringen Sie ihn doch einfach auf der Insel Usedom und <\/em><em>genie\u00dfen Sie die idyllische Atmosph\u00e4re von Strand und Ostseek\u00fcste&#8230;<\/em><\/p>\n<\/blockquote>\n<p style=\"text-align: justify;\">Usedom ist die \u00f6stlichste Insel Deutschlands. Man findet auf ihr die \u00e4ltesten Seeb\u00e4der Europas. Unter Kennern gilt sie als die sch\u00f6nste und unber\u00fchrteste aller Inseln an der deutschen Ostseek\u00fcste.<\/p>\n<p style=\"text-align: justify;\">Am Lieper Winkel, umgeben von Achterwasser und Peenestrom, zeigt sie sich anders als in den Seeb\u00e4dern. Hier findet man eine einzigartige und unber\u00fchrte Landschaft. Kleine verschwiegene Buchten, breite Schilfg\u00fcrtel, bl\u00fchenden Gr\u00e4ben, stille Seen und S\u00fcmpfe bieten einen geeigneten Lebensraum f\u00fcr St\u00f6rche, Seeadler und Kraniche, welche Sie zum Greifen nahe betrachten k\u00f6nnen.<\/p>\n<p style=\"text-align: justify;\">Auf den Rad- und Feldwegen k\u00f6nnen Sie Touren machen und die bezaubernde Natur genie\u00dfen.<\/p>\n<p style=\"text-align: justify;\">In den kleinen abgelegenen D\u00f6rfern gehen Fischer noch heute ihrem traditionellen Handwerk nach.<br \/>\n<a href=\"http:\/\/www.in-ruhe.de\/wordpress\/index.php\/fischerei\/\">N\u00e4here Informationen \u00fcber unsere eigene Fischerei finden Sie hier.<\/a><\/p>\n","protected":false},"excerpt":{"rendered":"<p>Sie brauchen mal wieder Urlaub und bevorzugen dabei eine ruhige Umgebung? Dann verbringen Sie ihn doch einfach auf der Insel Usedom und genie\u00dfen Sie die idyllische Atmosph\u00e4re von Strand und Ostseek\u00fcste&#8230; Usedom ist die \u00f6stlichste Insel Deutschlands. Man findet auf ihr die \u00e4ltesten Seeb\u00e4der Europas. Unter Kennern gilt sie als die sch\u00f6nste und unber\u00fchrteste aller&hellip; <\/p>\n<p class=\"toivo-read-more\"><a href=\"https:\/\/www.in-ruhe.de\/wordpress\/\" class=\"more-link\">Read more <span class=\"screen-reader-text\">Herzlich Willkommen<\/span><\/a><\/p>\n","protected":false},"author":2,"featured_media":0,"parent":0,"menu_order":0,"comment_status":"closed","ping_status":"closed","template":"","meta":{"footnotes":""},"class_list":{"0":"post-2","1":"page","2":"type-page","3":"status-publish","5":"entry"},"jetpack_sharing_enabled":false,"jetpack_shortlink":"https:\/\/wp.me\/P6zWw0-2","_links":{"self":[{"href":"https:\/\/www.in-ruhe.de\/wordpress\/index.php\/wp-json\/wp\/v2\/pages\/2","targetHints":{"allow":["GET"]}}],"collection":[{"href":"https:\/\/www.in-ruhe.de\/wordpress\/index.php\/wp-json\/wp\/v2\/pages"}],"about":[{"href":"https:\/\/www.in-ruhe.de\/wordpress\/index.php\/wp-json\/wp\/v2\/types\/page"}],"author":[{"embeddable":true,"href":"https:\/\/www.in-ruhe.de\/wordpress\/index.php\/wp-json\/wp\/v2\/users\/2"}],"replies":[{"embeddable":true,"href":"https:\/\/www.in-ruhe.de\/wordpress\/index.php\/wp-json\/wp\/v2\/comments?post=2"}],"version-history":[{"count":5,"href":"https:\/\/www.in-ruhe.de\/wordpress\/index.php\/wp-json\/wp\/v2\/pages\/2\/revisions"}],"predecessor-version":[{"id":265,"href":"https:\/\/www.in-ruhe.de\/wordpress\/index.php\/wp-json\/wp\/v2\/pages\/2\/revisions\/265"}],"wp:attachment":[{"href":"https:\/\/www.in-ruhe.de\/wordpress\/index.php\/wp-json\/wp\/v2\/media?parent=2"}],"curies":[{"name":"wp","href":"https:\/\/api.w.org\/{rel}","templated":true}]}}