{"id":42,"date":"2015-10-28T11:00:32","date_gmt":"2015-10-28T10:00:32","guid":{"rendered":"http:\/\/www.in-ruhe.de\/wordpress\/?page_id=42"},"modified":"2015-11-06T11:37:33","modified_gmt":"2015-11-06T10:37:33","slug":"lage-und-umgebung","status":"publish","type":"page","link":"https:\/\/www.in-ruhe.de\/wordpress\/index.php\/lage-und-umgebung\/","title":{"rendered":"Lage und Umgebung"},"content":{"rendered":"<p style=\"text-align: justify;\"><img data-recalc-dims=\"1\" loading=\"lazy\" decoding=\"async\" class=\"alignnone wp-image-114 size-full\" src=\"https:\/\/i0.wp.com\/www.in-ruhe.de\/wordpress\/wp-content\/uploads\/2015\/10\/lieper_winkel.jpg?resize=400%2C64\" alt=\"lieper_winkel\" width=\"400\" height=\"64\" srcset=\"https:\/\/i0.wp.com\/www.in-ruhe.de\/wordpress\/wp-content\/uploads\/2015\/10\/lieper_winkel.jpg?w=400&amp;ssl=1 400w, https:\/\/i0.wp.com\/www.in-ruhe.de\/wordpress\/wp-content\/uploads\/2015\/10\/lieper_winkel.jpg?resize=300%2C48&amp;ssl=1 300w\" sizes=\"auto, (max-width: 400px) 100vw, 400px\" \/><\/p>\n<p style=\"text-align: justify;\">Der Lieper Winkel ist ein sehr verschwiegener Teil der Insel Usedom, der als eine faustartige Halbinsel in das Achterwasser ragt. Auch das Baden macht hier Spa\u00df!<\/p>\n<p style=\"text-align: justify;\">Anders als in den gro\u00dfen B\u00e4dern konnten sich hier Natur und Volkstum frei entfalten und halten. Aufgrund dieser unber\u00fchrten Natur ist der Lieper Winkel ein beliebtes Ausflugsziel und Geheimtipp.<\/p>\n<p style=\"text-align: justify;\">Gro\u00dfe Menschenmassen und Andrang \u00fcberall dort, wo man auch ist, wird man hier nicht finden, jedoch anschauliche H\u00e4user und weite Schilfg\u00fcrtel. Natur pur und paradiesisches Feeling. Auch pr\u00e4gen Rotwild, F\u00fcchse, Hasen, Graureiher, Wei\u00dfst\u00f6rche und heute auch wieder Seeadler das Landschaftsbild.<br \/>\nErholung und entspanntes Wandern k\u00f6nnen Sie ganz in Ruhe auf Wiesen und Feldern und in Mooren und W\u00e4ldern.<\/p>\n<p>Ebenso l\u00e4dt die bezaubernde Landschaft zu Radtouren ein.<\/p>\n<p class=\"jetpack-slideshow-noscript robots-nocontent\">Diese Diashow ben\u00f6tigt JavaScript.<\/p><div id=\"gallery-42-1-slideshow\" class=\"jetpack-slideshow-window jetpack-slideshow jetpack-slideshow-black\" data-trans=\"fade\" data-autostart=\"1\" data-gallery=\"[{&quot;src&quot;:&quot;https:\\\/\\\/i0.wp.com\\\/www.in-ruhe.de\\\/wordpress\\\/wp-content\\\/uploads\\\/2015\\\/10\\\/Malerhaus.jpg?fit=600%2C450\\u0026ssl=1&quot;,&quot;id&quot;:&quot;121&quot;,&quot;title&quot;:&quot;Malerhaus&quot;,&quot;alt&quot;:&quot;&quot;,&quot;caption&quot;:&quot;Malerhaus&quot;,&quot;itemprop&quot;:&quot;image&quot;},{&quot;src&quot;:&quot;https:\\\/\\\/i0.wp.com\\\/www.in-ruhe.de\\\/wordpress\\\/wp-content\\\/uploads\\\/2015\\\/10\\\/reetdach.jpg?fit=280%2C210\\u0026ssl=1&quot;,&quot;id&quot;:&quot;124&quot;,&quot;title&quot;:&quot;Reetdach&quot;,&quot;alt&quot;:&quot;&quot;,&quot;caption&quot;:&quot;Reetdach&quot;,&quot;itemprop&quot;:&quot;image&quot;},{&quot;src&quot;:&quot;https:\\\/\\\/i0.wp.com\\\/www.in-ruhe.de\\\/wordpress\\\/wp-content\\\/uploads\\\/2015\\\/10\\\/Kanal_in_Warthe.jpg?fit=600%2C450\\u0026ssl=1&quot;,&quot;id&quot;:&quot;119&quot;,&quot;title&quot;:&quot;Kanal in Warthe&quot;,&quot;alt&quot;:&quot;&quot;,&quot;caption&quot;:&quot;Kanal in Warthe&quot;,&quot;itemprop&quot;:&quot;image&quot;},{&quot;src&quot;:&quot;https:\\\/\\\/i0.wp.com\\\/www.in-ruhe.de\\\/wordpress\\\/wp-content\\\/uploads\\\/2015\\\/10\\\/Weide.jpg?fit=600%2C450\\u0026ssl=1&quot;,&quot;id&quot;:&quot;129&quot;,&quot;title&quot;:&quot;Weide&quot;,&quot;alt&quot;:&quot;&quot;,&quot;caption&quot;:&quot;Weide&quot;,&quot;itemprop&quot;:&quot;image&quot;},{&quot;src&quot;:&quot;https:\\\/\\\/i0.wp.com\\\/www.in-ruhe.de\\\/wordpress\\\/wp-content\\\/uploads\\\/2015\\\/10\\\/Mohn_b_Morgenitz.jpg?fit=600%2C450\\u0026ssl=1&quot;,&quot;id&quot;:&quot;122&quot;,&quot;title&quot;:&quot;Mohn bei Morgenitz&quot;,&quot;alt&quot;:&quot;&quot;,&quot;caption&quot;:&quot;Mohn bei Morgenitz&quot;,&quot;itemprop&quot;:&quot;image&quot;},{&quot;src&quot;:&quot;https:\\\/\\\/i0.wp.com\\\/www.in-ruhe.de\\\/wordpress\\\/wp-content\\\/uploads\\\/2015\\\/10\\\/Sonnenaufgang.jpg?fit=599%2C447\\u0026ssl=1&quot;,&quot;id&quot;:&quot;127&quot;,&quot;title&quot;:&quot;Sonnenaufgang&quot;,&quot;alt&quot;:&quot;&quot;,&quot;caption&quot;:&quot;Sonnenaufgang&quot;,&quot;itemprop&quot;:&quot;image&quot;},{&quot;src&quot;:&quot;https:\\\/\\\/i0.wp.com\\\/www.in-ruhe.de\\\/wordpress\\\/wp-content\\\/uploads\\\/2015\\\/10\\\/Weg_in_Quilitz.jpg?fit=600%2C450\\u0026ssl=1&quot;,&quot;id&quot;:&quot;128&quot;,&quot;title&quot;:&quot;Weg in Quilitz&quot;,&quot;alt&quot;:&quot;&quot;,&quot;caption&quot;:&quot;Weg in Quilitz&quot;,&quot;itemprop&quot;:&quot;image&quot;},{&quot;src&quot;:&quot;https:\\\/\\\/i0.wp.com\\\/www.in-ruhe.de\\\/wordpress\\\/wp-content\\\/uploads\\\/2015\\\/10\\\/Raps.jpg?fit=600%2C439\\u0026ssl=1&quot;,&quot;id&quot;:&quot;123&quot;,&quot;title&quot;:&quot;Raps&quot;,&quot;alt&quot;:&quot;&quot;,&quot;caption&quot;:&quot;Raps&quot;,&quot;itemprop&quot;:&quot;image&quot;},{&quot;src&quot;:&quot;https:\\\/\\\/i0.wp.com\\\/www.in-ruhe.de\\\/wordpress\\\/wp-content\\\/uploads\\\/2015\\\/10\\\/Wurzel.jpg?fit=600%2C424\\u0026ssl=1&quot;,&quot;id&quot;:&quot;130&quot;,&quot;title&quot;:&quot;Wurzel&quot;,&quot;alt&quot;:&quot;&quot;,&quot;caption&quot;:&quot;Wurzel&quot;,&quot;itemprop&quot;:&quot;image&quot;},{&quot;src&quot;:&quot;https:\\\/\\\/i0.wp.com\\\/www.in-ruhe.de\\\/wordpress\\\/wp-content\\\/uploads\\\/2015\\\/10\\\/Abendstimmung.jpg?fit=600%2C450\\u0026ssl=1&quot;,&quot;id&quot;:&quot;115&quot;,&quot;title&quot;:&quot;Abendstimmung&quot;,&quot;alt&quot;:&quot;&quot;,&quot;caption&quot;:&quot;Abendstimmung&quot;,&quot;itemprop&quot;:&quot;image&quot;}]\" itemscope itemtype=\"https:\/\/schema.org\/ImageGallery\"><\/div>\n","protected":false},"excerpt":{"rendered":"<p>Der Lieper Winkel ist ein sehr verschwiegener Teil der Insel Usedom, der als eine faustartige Halbinsel in das Achterwasser ragt. Auch das Baden macht hier Spa\u00df! Anders als in den gro\u00dfen B\u00e4dern konnten sich hier Natur und Volkstum frei entfalten und halten. Aufgrund dieser unber\u00fchrten Natur ist der Lieper Winkel ein beliebtes Ausflugsziel und Geheimtipp.&hellip; <\/p>\n<p class=\"toivo-read-more\"><a href=\"https:\/\/www.in-ruhe.de\/wordpress\/index.php\/lage-und-umgebung\/\" class=\"more-link\">Read more <span class=\"screen-reader-text\">Lage und Umgebung<\/span><\/a><\/p>\n","protected":false},"author":2,"featured_media":0,"parent":0,"menu_order":0,"comment_status":"closed","ping_status":"closed","template":"","meta":{"footnotes":""},"class_list":{"0":"post-42","1":"page","2":"type-page","3":"status-publish","5":"entry"},"jetpack_sharing_enabled":false,"jetpack_shortlink":"https:\/\/wp.me\/P6zWw0-G","_links":{"self":[{"href":"https:\/\/www.in-ruhe.de\/wordpress\/index.php\/wp-json\/wp\/v2\/pages\/42","targetHints":{"allow":["GET"]}}],"collection":[{"href":"https:\/\/www.in-ruhe.de\/wordpress\/index.php\/wp-json\/wp\/v2\/pages"}],"about":[{"href":"https:\/\/www.in-ruhe.de\/wordpress\/index.php\/wp-json\/wp\/v2\/types\/page"}],"author":[{"embeddable":true,"href":"https:\/\/www.in-ruhe.de\/wordpress\/index.php\/wp-json\/wp\/v2\/users\/2"}],"replies":[{"embeddable":true,"href":"https:\/\/www.in-ruhe.de\/wordpress\/index.php\/wp-json\/wp\/v2\/comments?post=42"}],"version-history":[{"count":5,"href":"https:\/\/www.in-ruhe.de\/wordpress\/index.php\/wp-json\/wp\/v2\/pages\/42\/revisions"}],"predecessor-version":[{"id":223,"href":"https:\/\/www.in-ruhe.de\/wordpress\/index.php\/wp-json\/wp\/v2\/pages\/42\/revisions\/223"}],"wp:attachment":[{"href":"https:\/\/www.in-ruhe.de\/wordpress\/index.php\/wp-json\/wp\/v2\/media?parent=42"}],"curies":[{"name":"wp","href":"https:\/\/api.w.org\/{rel}","templated":true}]}}