{"id":46,"date":"2015-10-28T11:00:46","date_gmt":"2015-10-28T10:00:46","guid":{"rendered":"http:\/\/www.in-ruhe.de\/wordpress\/?page_id=46"},"modified":"2018-03-24T14:27:33","modified_gmt":"2018-03-24T13:27:33","slug":"impressum","status":"publish","type":"page","link":"https:\/\/www.in-ruhe.de\/wordpress\/index.php\/impressum\/","title":{"rendered":"Impressum"},"content":{"rendered":"<div>\n<p style=\"text-align: justify;\"><strong>1. Inhaltlich Verantwortlich<\/strong><br \/>\nFrau<br \/>\n<span class=\"_5yl5\" data-reactid=\".11h.1.$mg=2mid=11446147646764=2b17783ffacb3933067.2.$mid=11446147897962=2b17783ff56bcae5397.0.0.0.0.0\"><span data-reactid=\".11h.1.$mg=2mid=11446147646764=2b17783ffacb3933067.2.$mid=11446147897962=2b17783ff56bcae5397.0.0.0.0.0.0\">Jacqueline<\/span><\/span> Wolff<br \/>\nAusbau 17<br \/>\n17406 Warthe \/ Insel Usedom<br \/>\nTelefon: +49 ( 38372) 71774<\/p>\n<p style=\"text-align: justify;\"><strong> 2. technische Betreuung, Umsetzung &amp; Foto\u00b4s<\/strong><br \/>\nfritz-computer<br \/>\nInh. Carsten Fritz<br \/>\nFriedrich-Schiller-Stra\u00dfe 22<br \/>\nD 17419 Seebad Ahlbeck \/ Insel Usedom<br \/>\nTelefon: +49 ( 38378 ) 28971<br \/>\nTelefax: +49 ( 38378 ) 28973<\/p>\n<p style=\"text-align: justify;\"><strong>3. Foto\u00b4s<\/strong><br \/>\nUsedom-Fotografie.de<br \/>\nHerr Marcel Piper<br \/>\nIm Seefeld 18<br \/>\nD 17424 Ostseebad Heringsdorf \/ Insel Usedom<br \/>\nTelefon: ( 038378 ) 489913<\/p>\n<p style=\"text-align: justify;\"><strong>4. Allgemeine Informationen<\/strong><br \/>\n<span style=\"text-decoration: underline;\">Haftung f\u00fcr Inhalte<\/span><br \/>\nAls Diensteanbieter sind wir gem\u00e4\u00df \u00a7 7 Abs.1 TMG f\u00fcr eigene Inhalte auf diesen Seiten nach den allgemeinen Gesetzen verantwortlich. Nach \u00a7\u00a7 8 bis 10 TMG sind wir als Diensteanbieter jedoch nicht verpflichtet, \u00fcbermittelte oder gespeicherte fremde Informationen zu \u00fcberwachen oder nach Umst\u00e4nden zu forschen, die auf eine rechtswidrige T\u00e4tigkeit hinweisen. Verpflichtungen zur Entfernung oder Sperrung der Nutzung von Informationen nach den allgemeinen Gesetzen bleiben hiervon unber\u00fchrt. Eine diesbez\u00fcgliche Haftung ist jedoch erst ab dem Zeitpunkt der Kenntnis einer konkreten Rechtsverletzung m\u00f6glich. Bei Bekanntwerden von entsprechenden Rechtsverletzungen werden wir diese Inhalte umgehend entfernen.<\/p>\n<p style=\"text-align: justify;\"><span style=\"text-decoration: underline;\">Haftung f\u00fcr Links<\/span><br \/>\nUnser Angebot enth\u00e4lt Links zu externen Webseiten Dritter, auf deren Inhalte wir keinen Einfluss haben. Deshalb k\u00f6nnen wir f\u00fcr diese fremden Inhalte auch keine Gew\u00e4hr \u00fcbernehmen. F\u00fcr die Inhalte der verlinkten Seiten ist stets der jeweilige Anbieter oder Betreiber der Seiten verantwortlich. Die verlinkten Seiten wurden zum Zeitpunkt der Verlinkung auf m\u00f6gliche Rechtsverst\u00f6\u00dfe \u00fcberpr\u00fcft. Rechtswidrige Inhalte waren zum Zeitpunkt der Verlinkung nicht erkennbar. Eine permanente inhaltliche Kontrolle der verlinkten Seiten ist jedoch ohne konkrete Anhaltspunkte einer Rechtsverletzung nicht zumutbar. Bei Bekanntwerden von Rechtsverletzungen werden wir derartige Links umgehend entfernen.<\/p>\n<\/div>\n<p>&nbsp;<\/p>\n","protected":false},"excerpt":{"rendered":"<p>1. Inhaltlich Verantwortlich Frau Jacqueline Wolff Ausbau 17 17406 Warthe \/ Insel Usedom Telefon: +49 ( 38372) 71774 2. technische Betreuung, Umsetzung &amp; Foto\u00b4s fritz-computer Inh. Carsten Fritz Friedrich-Schiller-Stra\u00dfe 22 D 17419 Seebad Ahlbeck \/ Insel Usedom Telefon: +49 ( 38378 ) 28971 Telefax: +49 ( 38378 ) 28973 3. Foto\u00b4s Usedom-Fotografie.de Herr Marcel Piper&hellip; <\/p>\n<p class=\"toivo-read-more\"><a href=\"https:\/\/www.in-ruhe.de\/wordpress\/index.php\/impressum\/\" class=\"more-link\">Read more <span class=\"screen-reader-text\">Impressum<\/span><\/a><\/p>\n","protected":false},"author":2,"featured_media":0,"parent":0,"menu_order":0,"comment_status":"closed","ping_status":"closed","template":"","meta":{"jetpack_post_was_ever_published":false,"footnotes":""},"class_list":{"0":"post-46","1":"page","2":"type-page","3":"status-publish","5":"entry"},"jetpack_sharing_enabled":false,"jetpack_shortlink":"https:\/\/wp.me\/P6zWw0-K","_links":{"self":[{"href":"https:\/\/www.in-ruhe.de\/wordpress\/index.php\/wp-json\/wp\/v2\/pages\/46","targetHints":{"allow":["GET"]}}],"collection":[{"href":"https:\/\/www.in-ruhe.de\/wordpress\/index.php\/wp-json\/wp\/v2\/pages"}],"about":[{"href":"https:\/\/www.in-ruhe.de\/wordpress\/index.php\/wp-json\/wp\/v2\/types\/page"}],"author":[{"embeddable":true,"href":"https:\/\/www.in-ruhe.de\/wordpress\/index.php\/wp-json\/wp\/v2\/users\/2"}],"replies":[{"embeddable":true,"href":"https:\/\/www.in-ruhe.de\/wordpress\/index.php\/wp-json\/wp\/v2\/comments?post=46"}],"version-history":[{"count":5,"href":"https:\/\/www.in-ruhe.de\/wordpress\/index.php\/wp-json\/wp\/v2\/pages\/46\/revisions"}],"predecessor-version":[{"id":281,"href":"https:\/\/www.in-ruhe.de\/wordpress\/index.php\/wp-json\/wp\/v2\/pages\/46\/revisions\/281"}],"wp:attachment":[{"href":"https:\/\/www.in-ruhe.de\/wordpress\/index.php\/wp-json\/wp\/v2\/media?parent=46"}],"curies":[{"name":"wp","href":"https:\/\/api.w.org\/{rel}","templated":true}]}}